{"id":39,"date":"2023-05-30T08:57:54","date_gmt":"2023-05-30T08:57:54","guid":{"rendered":"https:\/\/limefacility.com\/?page_id=39"},"modified":"2024-03-07T16:48:22","modified_gmt":"2024-03-07T16:48:22","slug":"kapcsolat","status":"publish","type":"page","link":"https:\/\/limefacility.com\/de\/kapcsolat\/","title":{"rendered":"Kontakt"},"content":{"rendered":"<div data-elementor-type=\"wp-page\" data-elementor-id=\"39\" class=\"elementor elementor-39\" data-elementor-post-type=\"page\">\n\t\t\t\t\t\t<section class=\"elementor-section elementor-top-section elementor-element elementor-element-70c49cc2 elementor-section-height-min-height elementor-section-full_width elementor-section-height-default elementor-section-items-middle\" data-id=\"70c49cc2\" data-element_type=\"section\" data-settings=\"{&quot;background_background&quot;:&quot;classic&quot;,&quot;shape_divider_bottom&quot;:&quot;opacity-tilt&quot;}\">\n\t\t\t\t\t<div class=\"elementor-shape elementor-shape-bottom\" aria-hidden=\"true\" data-negative=\"false\">\n\t\t\t<svg xmlns=\"http:\/\/www.w3.org\/2000\/svg\" viewbox=\"0 0 2600 131.1\" preserveaspectratio=\"none\">\n\t<path class=\"elementor-shape-fill\" d=\"M0 0L2600 0 2600 69.1 0 0z\"\/>\n\t<path class=\"elementor-shape-fill\" style=\"opacity:0.5\" d=\"M0 0L2600 0 2600 69.1 0 69.1z\"\/>\n\t<path class=\"elementor-shape-fill\" style=\"opacity:0.25\" d=\"M2600 0L0 0 0 130.1 2600 69.1z\"\/>\n<\/svg>\t\t<\/div>\n\t\t\t\t\t<div class=\"elementor-container elementor-column-gap-default\">\n\t\t\t\t\t<div class=\"elementor-column elementor-col-100 elementor-top-column elementor-element elementor-element-6aaa1255\" data-id=\"6aaa1255\" data-element_type=\"column\">\n\t\t\t<div class=\"elementor-widget-wrap elementor-element-populated\">\n\t\t\t\t\t\t<div class=\"elementor-element elementor-element-73d02c73 elementor-widget elementor-widget-heading\" data-id=\"73d02c73\" data-element_type=\"widget\" data-widget_type=\"heading.default\">\n\t\t\t\t<div class=\"elementor-widget-container\">\n\t\t\t\t\t<h2 class=\"elementor-heading-title elementor-size-default\">Kontakt<\/h2>\t\t\t\t<\/div>\n\t\t\t\t<\/div>\n\t\t\t\t<div class=\"elementor-element elementor-element-3f90202 elementor-widget elementor-widget-text-editor\" data-id=\"3f90202\" data-element_type=\"widget\" data-widget_type=\"text-editor.default\">\n\t\t\t\t<div class=\"elementor-widget-container\">\n\t\t\t\t\t\t\t\t\t<p>Eine Frage haben? Kontaktiere uns!<\/p>\t\t\t\t\t\t\t\t<\/div>\n\t\t\t\t<\/div>\n\t\t\t\t<div class=\"elementor-element elementor-element-502a70f5 elementor-mobile-align-left elementor-widget elementor-widget-button\" data-id=\"502a70f5\" data-element_type=\"widget\" data-widget_type=\"button.default\">\n\t\t\t\t<div class=\"elementor-widget-container\">\n\t\t\t\t\t\t\t\t\t<div class=\"elementor-button-wrapper\">\n\t\t\t\t\t<a class=\"elementor-button elementor-button-link elementor-size-md\" href=\"#\">\n\t\t\t\t\t\t<span class=\"elementor-button-content-wrapper\">\n\t\t\t\t\t\t\t\t\t<span class=\"elementor-button-text\">Kontakt<\/span>\n\t\t\t\t\t<\/span>\n\t\t\t\t\t<\/a>\n\t\t\t\t<\/div>\n\t\t\t\t\t\t\t\t<\/div>\n\t\t\t\t<\/div>\n\t\t\t\t\t<\/div>\n\t\t<\/div>\n\t\t\t\t\t<\/div>\n\t\t<\/section>\n\t\t\t\t<section class=\"elementor-section elementor-top-section elementor-element elementor-element-1ce99dfe elementor-section-boxed elementor-section-height-default elementor-section-height-default\" data-id=\"1ce99dfe\" data-element_type=\"section\">\n\t\t\t\t\t\t<div class=\"elementor-container elementor-column-gap-default\">\n\t\t\t\t\t<div class=\"elementor-column elementor-col-100 elementor-top-column elementor-element elementor-element-4a1fa41c\" data-id=\"4a1fa41c\" data-element_type=\"column\">\n\t\t\t<div class=\"elementor-widget-wrap elementor-element-populated\">\n\t\t\t\t\t\t<div class=\"elementor-element elementor-element-ee5b856 elementor-widget elementor-widget-heading\" data-id=\"ee5b856\" data-element_type=\"widget\" data-widget_type=\"heading.default\">\n\t\t\t\t<div class=\"elementor-widget-container\">\n\t\t\t\t\t<h2 class=\"elementor-heading-title elementor-size-default\">Kontakt<\/h2>\t\t\t\t<\/div>\n\t\t\t\t<\/div>\n\t\t\t\t\t<\/div>\n\t\t<\/div>\n\t\t\t\t\t<\/div>\n\t\t<\/section>\n\t\t\t\t<section class=\"elementor-section elementor-top-section elementor-element elementor-element-2ea5df45 elementor-section-boxed elementor-section-height-default elementor-section-height-default\" data-id=\"2ea5df45\" data-element_type=\"section\" data-settings=\"{&quot;background_background&quot;:&quot;classic&quot;}\">\n\t\t\t\t\t\t<div class=\"elementor-container elementor-column-gap-default\">\n\t\t\t\t\t<div class=\"elementor-column elementor-col-100 elementor-top-column elementor-element elementor-element-7976b07\" data-id=\"7976b07\" data-element_type=\"column\">\n\t\t\t<div class=\"elementor-widget-wrap elementor-element-populated\">\n\t\t\t\t\t\t<div class=\"elementor-element elementor-element-465080d5 elementor-widget elementor-widget-text-editor\" data-id=\"465080d5\" data-element_type=\"widget\" data-widget_type=\"text-editor.default\">\n\t\t\t\t<div class=\"elementor-widget-container\">\n\t\t\t\t\t\t\t\t\t<p>Eine Frage haben?<br \/>Oder haben Sie bei unseren Leistungen nicht gefunden, was Sie gesucht haben?<br \/>Kontaktieren Sie uns, wir helfen!<\/p>\t\t\t\t\t\t\t\t<\/div>\n\t\t\t\t<\/div>\n\t\t\t\t<div class=\"elementor-element elementor-element-4039c846 elementor-widget__width-auto elementor-absolute elementor-widget-tablet__width-auto elementor-widget elementor-widget-image\" data-id=\"4039c846\" data-element_type=\"widget\" data-settings=\"{&quot;_position&quot;:&quot;absolute&quot;}\" data-widget_type=\"image.default\">\n\t\t\t\t<div class=\"elementor-widget-container\">\n\t\t\t\t\t\t\t\t\t\t\t\t\t\t\t<img fetchpriority=\"high\" decoding=\"async\" width=\"604\" height=\"1024\" src=\"https:\/\/limefacility.com\/wp-content\/uploads\/2023\/05\/LSFS_house_logo_gray_big-604x1024.png\" class=\"attachment-large size-large wp-image-166\" alt=\"\" srcset=\"https:\/\/limefacility.com\/wp-content\/uploads\/2023\/05\/LSFS_house_logo_gray_big-604x1024.png 604w, https:\/\/limefacility.com\/wp-content\/uploads\/2023\/05\/LSFS_house_logo_gray_big-177x300.png 177w, https:\/\/limefacility.com\/wp-content\/uploads\/2023\/05\/LSFS_house_logo_gray_big.png 662w\" sizes=\"(max-width: 604px) 100vw, 604px\" \/>\t\t\t\t\t\t\t\t\t\t\t\t\t\t\t<\/div>\n\t\t\t\t<\/div>\n\t\t\t\t<section class=\"elementor-section elementor-inner-section elementor-element elementor-element-f463f7d elementor-section-boxed elementor-section-height-default elementor-section-height-default\" data-id=\"f463f7d\" data-element_type=\"section\">\n\t\t\t\t\t\t<div class=\"elementor-container elementor-column-gap-default\">\n\t\t\t\t\t<div class=\"elementor-column elementor-col-50 elementor-inner-column elementor-element elementor-element-1501b4a0\" data-id=\"1501b4a0\" data-element_type=\"column\">\n\t\t\t<div class=\"elementor-widget-wrap elementor-element-populated\">\n\t\t\t\t\t\t<div class=\"elementor-element elementor-element-609899fd elementor-widget elementor-widget-text-editor\" data-id=\"609899fd\" data-element_type=\"widget\" data-widget_type=\"text-editor.default\">\n\t\t\t\t<div class=\"elementor-widget-container\">\n\t\t\t\t\t\t\t\t\t<p>Bitte f\u00fcllen Sie das Formular aus!<\/p>\t\t\t\t\t\t\t\t<\/div>\n\t\t\t\t<\/div>\n\t\t\t\t<div class=\"elementor-element elementor-element-72cbaacd elementor-button-align-stretch elementor-widget elementor-widget-form\" data-id=\"72cbaacd\" data-element_type=\"widget\" data-settings=\"{&quot;step_next_label&quot;:&quot;K\\u00f6vetkez\\u0151&quot;,&quot;step_previous_label&quot;:&quot;El\\u0151z\\u0151&quot;,&quot;button_width&quot;:&quot;100&quot;,&quot;step_type&quot;:&quot;number_text&quot;,&quot;step_icon_shape&quot;:&quot;circle&quot;}\" data-widget_type=\"form.default\">\n\t\t\t\t<div class=\"elementor-widget-container\">\n\t\t\t\t\t\t\t<form class=\"elementor-form\" method=\"post\" name=\"\u00daj \u0171rlap\" action=\"\">\n\t\t\t<input type=\"hidden\" name=\"post_id\" value=\"39\"\/>\n\t\t\t<input type=\"hidden\" name=\"form_id\" value=\"72cbaacd\"\/>\n\t\t\t<input type=\"hidden\" name=\"referer_title\" value=\"Lime Source Facility Services\" \/>\n\n\t\t\t\n\t\t\t<div class=\"elementor-form-fields-wrapper elementor-labels-\">\n\t\t\t\t\t\t\t\t<div class=\"elementor-field-type-text elementor-field-group elementor-column elementor-field-group-name elementor-col-100 elementor-field-required\">\n\t\t\t\t\t\t\t\t\t\t\t\t<label for=\"form-field-name\" class=\"elementor-field-label elementor-screen-only\">\n\t\t\t\t\t\t\t\tName\t\t\t\t\t\t\t<\/label>\n\t\t\t\t\t\t\t\t\t\t\t\t\t\t<input size=\"1\" type=\"text\" name=\"form_fields[name]\" id=\"form-field-name\" class=\"elementor-field elementor-size-sm  elementor-field-textual\" placeholder=\"Name\" required=\"required\" aria-required=\"true\">\n\t\t\t\t\t\t\t\t\t\t\t<\/div>\n\t\t\t\t\t\t\t\t<div class=\"elementor-field-type-text elementor-field-group elementor-column elementor-field-group-email elementor-col-100 elementor-field-required\">\n\t\t\t\t\t\t\t\t\t\t\t\t<label for=\"form-field-email\" class=\"elementor-field-label elementor-screen-only\">\n\t\t\t\t\t\t\t\tName der Firma\t\t\t\t\t\t\t<\/label>\n\t\t\t\t\t\t\t\t\t\t\t\t\t\t<input size=\"1\" type=\"text\" name=\"form_fields[email]\" id=\"form-field-email\" class=\"elementor-field elementor-size-sm  elementor-field-textual\" placeholder=\"Name der Firma\" required=\"required\" aria-required=\"true\">\n\t\t\t\t\t\t\t\t\t\t\t<\/div>\n\t\t\t\t\t\t\t\t<div class=\"elementor-field-type-email elementor-field-group elementor-column elementor-field-group-email elementor-col-100 elementor-field-required\">\n\t\t\t\t\t\t\t\t\t\t\t\t<label for=\"form-field-email\" class=\"elementor-field-label elementor-screen-only\">\n\t\t\t\t\t\t\t\tE-mail addresse\t\t\t\t\t\t\t<\/label>\n\t\t\t\t\t\t\t\t\t\t\t\t\t\t<input size=\"1\" type=\"email\" name=\"form_fields[email]\" id=\"form-field-email\" class=\"elementor-field elementor-size-sm  elementor-field-textual\" placeholder=\"E-mail addresse\" required=\"required\" aria-required=\"true\">\n\t\t\t\t\t\t\t\t\t\t\t<\/div>\n\t\t\t\t\t\t\t\t<div class=\"elementor-field-type-tel elementor-field-group elementor-column elementor-field-group-field_1121a23 elementor-col-100 elementor-field-required\">\n\t\t\t\t\t\t\t\t\t\t\t\t<label for=\"form-field-field_1121a23\" class=\"elementor-field-label elementor-screen-only\">\n\t\t\t\t\t\t\t\tTelefonnummer\t\t\t\t\t\t\t<\/label>\n\t\t\t\t\t\t\t\t<input size=\"1\" type=\"tel\" name=\"form_fields[field_1121a23]\" id=\"form-field-field_1121a23\" class=\"elementor-field elementor-size-sm  elementor-field-textual\" placeholder=\"Telefonnummer\" required=\"required\" aria-required=\"true\" pattern=\"[0-9()#&amp;+*-=.]+\" title=\"Nur Nummern oder Telefon-Zeichen (#, -, *, etc) werden akzeptiert.\">\n\n\t\t\t\t\t\t<\/div>\n\t\t\t\t\t\t\t\t<div class=\"elementor-field-type-textarea elementor-field-group elementor-column elementor-field-group-message elementor-col-100\">\n\t\t\t\t\t\t\t\t\t\t\t\t<label for=\"form-field-message\" class=\"elementor-field-label elementor-screen-only\">\n\t\t\t\t\t\t\t\t\u00dczenet\t\t\t\t\t\t\t<\/label>\n\t\t\t\t\t\t<textarea class=\"elementor-field-textual elementor-field  elementor-size-sm\" name=\"form_fields[message]\" id=\"form-field-message\" rows=\"6\" placeholder=\"Beschreiben Sie in wenigen S\u00e4tzen, was Sie wollen.\"><\/textarea>\t\t\t\t<\/div>\n\t\t\t\t\t\t\t\t<div class=\"elementor-field-type-recaptcha_v3 elementor-field-group elementor-column elementor-field-group-field_49918eb elementor-col-100 recaptcha_v3-bottomleft\">\n\t\t\t\t\t<div class=\"elementor-field\" id=\"form-field-field_49918eb\"><div class=\"elementor-g-recaptcha\" data-sitekey=\"6LeRwZApAAAAAEAveNAafWCqab7qfMg_9YqomN47\" data-type=\"v3\" data-action=\"Form\" data-badge=\"bottomleft\" data-size=\"invisible\"><\/div><\/div>\t\t\t\t<\/div>\n\t\t\t\t\t\t\t\t<div class=\"elementor-field-group elementor-column elementor-field-type-submit elementor-col-100 e-form__buttons\">\n\t\t\t\t\t<button class=\"elementor-button elementor-size-sm\" type=\"submit\">\n\t\t\t\t\t\t<span class=\"elementor-button-content-wrapper\">\n\t\t\t\t\t\t\t\t\t\t\t\t\t\t\t\t\t\t\t\t\t\t<span class=\"elementor-button-text\">Senden<\/span>\n\t\t\t\t\t\t\t\t\t\t\t\t\t<\/span>\n\t\t\t\t\t<\/button>\n\t\t\t\t<\/div>\n\t\t\t<\/div>\n\t\t<input type=\"hidden\" name=\"trp-form-language\" value=\"de\"\/><\/form>\n\t\t\t\t\t\t<\/div>\n\t\t\t\t<\/div>\n\t\t\t\t\t<\/div>\n\t\t<\/div>\n\t\t\t\t<div class=\"elementor-column elementor-col-50 elementor-inner-column elementor-element elementor-element-3a24ddf9\" data-id=\"3a24ddf9\" data-element_type=\"column\">\n\t\t\t<div class=\"elementor-widget-wrap elementor-element-populated\">\n\t\t\t\t\t\t<div class=\"elementor-element elementor-element-7b79e872 elementor-widget elementor-widget-image\" data-id=\"7b79e872\" data-element_type=\"widget\" data-widget_type=\"image.default\">\n\t\t\t\t<div class=\"elementor-widget-container\">\n\t\t\t\t\t\t\t\t\t\t\t\t\t\t\t<img decoding=\"async\" width=\"381\" height=\"525\" src=\"https:\/\/limefacility.com\/wp-content\/uploads\/2023\/06\/contact3.jpg\" class=\"attachment-medium_large size-medium_large wp-image-187\" alt=\"\" srcset=\"https:\/\/limefacility.com\/wp-content\/uploads\/2023\/06\/contact3.jpg 381w, https:\/\/limefacility.com\/wp-content\/uploads\/2023\/06\/contact3-218x300.jpg 218w\" sizes=\"(max-width: 381px) 100vw, 381px\" \/>\t\t\t\t\t\t\t\t\t\t\t\t\t\t\t<\/div>\n\t\t\t\t<\/div>\n\t\t\t\t\t<\/div>\n\t\t<\/div>\n\t\t\t\t\t<\/div>\n\t\t<\/section>\n\t\t\t\t\t<\/div>\n\t\t<\/div>\n\t\t\t\t\t<\/div>\n\t\t<\/section>\n\t\t\t\t<\/div>","protected":false},"excerpt":{"rendered":"<p>Kapcsolat K\u00e9rd\u00e9se lenne? Vegye fel vel\u00fcnk a kapcsolatot! Kapcsolat Kapcsolatfelv\u00e9tel K\u00e9rd\u00e9se lenne?Vagy nem tal\u00e1lta szolg\u00e1ltat\u00e1saink k\u00f6z\u00f6tt amit keres?Vegye fel vel\u00fcnk a kapcsolatot, seg\u00edt\u00fcnk! K\u00e9rj\u00fck t\u00f6ltse ki az \u0171rlapot!<\/p>","protected":false},"author":1,"featured_media":0,"parent":0,"menu_order":0,"comment_status":"closed","ping_status":"closed","template":"elementor_header_footer","meta":{"footnotes":""},"class_list":["post-39","page","type-page","status-publish"],"yoast_head":"<!-- This site is optimized with the Yoast SEO plugin v26.7 - https:\/\/yoast.com\/wordpress\/plugins\/seo\/ -->\n<title>Kapcsolat - Lime Source Facility Services<\/title>\n<meta name=\"robots\" content=\"index, follow, max-snippet:-1, max-image-preview:large, max-video-preview:-1\" \/>\n<link rel=\"canonical\" href=\"https:\/\/limefacility.com\/de\/kapcsolat\/\" \/>\n<meta property=\"og:locale\" content=\"de_DE\" \/>\n<meta property=\"og:type\" content=\"article\" \/>\n<meta property=\"og:title\" content=\"Kapcsolat - Lime Source Facility Services\" \/>\n<meta property=\"og:description\" content=\"Kapcsolat K\u00e9rd\u00e9se lenne? Vegye fel vel\u00fcnk a kapcsolatot! Kapcsolat Kapcsolatfelv\u00e9tel K\u00e9rd\u00e9se lenne?Vagy nem tal\u00e1lta szolg\u00e1ltat\u00e1saink k\u00f6z\u00f6tt amit keres?Vegye fel vel\u00fcnk a kapcsolatot, seg\u00edt\u00fcnk! K\u00e9rj\u00fck t\u00f6ltse ki az \u0171rlapot!\" \/>\n<meta property=\"og:url\" content=\"https:\/\/limefacility.com\/de\/kapcsolat\/\" \/>\n<meta property=\"og:site_name\" content=\"Lime Source Facility Services\" \/>\n<meta property=\"article:modified_time\" content=\"2024-03-07T16:48:22+00:00\" \/>\n<meta property=\"og:image\" content=\"https:\/\/limefacility.com\/wp-content\/uploads\/2023\/05\/LSFS_house_logo_gray_big-604x1024.png\" \/>\n<meta name=\"twitter:card\" content=\"summary_large_image\" \/>\n<meta name=\"twitter:label1\" content=\"Gesch\u00e4tzte Lesezeit\" \/>\n\t<meta name=\"twitter:data1\" content=\"1\u00a0Minute\" \/>\n<script type=\"application\/ld+json\" class=\"yoast-schema-graph\">{\"@context\":\"https:\/\/schema.org\",\"@graph\":[{\"@type\":\"WebPage\",\"@id\":\"https:\/\/limefacility.com\/kapcsolat\/\",\"url\":\"https:\/\/limefacility.com\/kapcsolat\/\",\"name\":\"Kapcsolat - Lime Source Facility Services\",\"isPartOf\":{\"@id\":\"https:\/\/limefacility.com\/#website\"},\"primaryImageOfPage\":{\"@id\":\"https:\/\/limefacility.com\/kapcsolat\/#primaryimage\"},\"image\":{\"@id\":\"https:\/\/limefacility.com\/kapcsolat\/#primaryimage\"},\"thumbnailUrl\":\"https:\/\/limefacility.com\/wp-content\/uploads\/2023\/05\/LSFS_house_logo_gray_big-604x1024.png\",\"datePublished\":\"2023-05-30T08:57:54+00:00\",\"dateModified\":\"2024-03-07T16:48:22+00:00\",\"breadcrumb\":{\"@id\":\"https:\/\/limefacility.com\/kapcsolat\/#breadcrumb\"},\"inLanguage\":\"de\",\"potentialAction\":[{\"@type\":\"ReadAction\",\"target\":[\"https:\/\/limefacility.com\/kapcsolat\/\"]}]},{\"@type\":\"ImageObject\",\"inLanguage\":\"de\",\"@id\":\"https:\/\/limefacility.com\/kapcsolat\/#primaryimage\",\"url\":\"https:\/\/limefacility.com\/wp-content\/uploads\/2023\/05\/LSFS_house_logo_gray_big-604x1024.png\",\"contentUrl\":\"https:\/\/limefacility.com\/wp-content\/uploads\/2023\/05\/LSFS_house_logo_gray_big-604x1024.png\"},{\"@type\":\"BreadcrumbList\",\"@id\":\"https:\/\/limefacility.com\/kapcsolat\/#breadcrumb\",\"itemListElement\":[{\"@type\":\"ListItem\",\"position\":1,\"name\":\"Kezd\u0151lap\",\"item\":\"https:\/\/limefacility.com\/\"},{\"@type\":\"ListItem\",\"position\":2,\"name\":\"Kapcsolat\"}]},{\"@type\":\"WebSite\",\"@id\":\"https:\/\/limefacility.com\/#website\",\"url\":\"https:\/\/limefacility.com\/\",\"name\":\"Lime Source Facility Services\",\"description\":\"\",\"potentialAction\":[{\"@type\":\"SearchAction\",\"target\":{\"@type\":\"EntryPoint\",\"urlTemplate\":\"https:\/\/limefacility.com\/?s={search_term_string}\"},\"query-input\":{\"@type\":\"PropertyValueSpecification\",\"valueRequired\":true,\"valueName\":\"search_term_string\"}}],\"inLanguage\":\"de\"}]}<\/script>\n<!-- \/ Yoast SEO plugin. -->","yoast_head_json":{"title":"Kapcsolat - Lime Source Facility Services","robots":{"index":"index","follow":"follow","max-snippet":"max-snippet:-1","max-image-preview":"max-image-preview:large","max-video-preview":"max-video-preview:-1"},"canonical":"https:\/\/limefacility.com\/de\/kapcsolat\/","og_locale":"de_DE","og_type":"article","og_title":"Kapcsolat - Lime Source Facility Services","og_description":"Kapcsolat K\u00e9rd\u00e9se lenne? Vegye fel vel\u00fcnk a kapcsolatot! Kapcsolat Kapcsolatfelv\u00e9tel K\u00e9rd\u00e9se lenne?Vagy nem tal\u00e1lta szolg\u00e1ltat\u00e1saink k\u00f6z\u00f6tt amit keres?Vegye fel vel\u00fcnk a kapcsolatot, seg\u00edt\u00fcnk! K\u00e9rj\u00fck t\u00f6ltse ki az \u0171rlapot!","og_url":"https:\/\/limefacility.com\/de\/kapcsolat\/","og_site_name":"Lime Source Facility Services","article_modified_time":"2024-03-07T16:48:22+00:00","og_image":[{"url":"https:\/\/limefacility.com\/wp-content\/uploads\/2023\/05\/LSFS_house_logo_gray_big-604x1024.png","type":"","width":"","height":""}],"twitter_card":"summary_large_image","twitter_misc":{"Gesch\u00e4tzte Lesezeit":"1\u00a0Minute"},"schema":{"@context":"https:\/\/schema.org","@graph":[{"@type":"WebPage","@id":"https:\/\/limefacility.com\/kapcsolat\/","url":"https:\/\/limefacility.com\/kapcsolat\/","name":"Kapcsolat - Lime Source Facility Services","isPartOf":{"@id":"https:\/\/limefacility.com\/#website"},"primaryImageOfPage":{"@id":"https:\/\/limefacility.com\/kapcsolat\/#primaryimage"},"image":{"@id":"https:\/\/limefacility.com\/kapcsolat\/#primaryimage"},"thumbnailUrl":"https:\/\/limefacility.com\/wp-content\/uploads\/2023\/05\/LSFS_house_logo_gray_big-604x1024.png","datePublished":"2023-05-30T08:57:54+00:00","dateModified":"2024-03-07T16:48:22+00:00","breadcrumb":{"@id":"https:\/\/limefacility.com\/kapcsolat\/#breadcrumb"},"inLanguage":"de","potentialAction":[{"@type":"ReadAction","target":["https:\/\/limefacility.com\/kapcsolat\/"]}]},{"@type":"ImageObject","inLanguage":"de","@id":"https:\/\/limefacility.com\/kapcsolat\/#primaryimage","url":"https:\/\/limefacility.com\/wp-content\/uploads\/2023\/05\/LSFS_house_logo_gray_big-604x1024.png","contentUrl":"https:\/\/limefacility.com\/wp-content\/uploads\/2023\/05\/LSFS_house_logo_gray_big-604x1024.png"},{"@type":"BreadcrumbList","@id":"https:\/\/limefacility.com\/kapcsolat\/#breadcrumb","itemListElement":[{"@type":"ListItem","position":1,"name":"Kezd\u0151lap","item":"https:\/\/limefacility.com\/"},{"@type":"ListItem","position":2,"name":"Kapcsolat"}]},{"@type":"WebSite","@id":"https:\/\/limefacility.com\/#website","url":"https:\/\/limefacility.com\/","name":"Lime Source Facility Services","description":"","potentialAction":[{"@type":"SearchAction","target":{"@type":"EntryPoint","urlTemplate":"https:\/\/limefacility.com\/?s={search_term_string}"},"query-input":{"@type":"PropertyValueSpecification","valueRequired":true,"valueName":"search_term_string"}}],"inLanguage":"de"}]}},"_links":{"self":[{"href":"https:\/\/limefacility.com\/de\/wp-json\/wp\/v2\/pages\/39","targetHints":{"allow":["GET"]}}],"collection":[{"href":"https:\/\/limefacility.com\/de\/wp-json\/wp\/v2\/pages"}],"about":[{"href":"https:\/\/limefacility.com\/de\/wp-json\/wp\/v2\/types\/page"}],"author":[{"embeddable":true,"href":"https:\/\/limefacility.com\/de\/wp-json\/wp\/v2\/users\/1"}],"replies":[{"embeddable":true,"href":"https:\/\/limefacility.com\/de\/wp-json\/wp\/v2\/comments?post=39"}],"version-history":[{"count":47,"href":"https:\/\/limefacility.com\/de\/wp-json\/wp\/v2\/pages\/39\/revisions"}],"predecessor-version":[{"id":644,"href":"https:\/\/limefacility.com\/de\/wp-json\/wp\/v2\/pages\/39\/revisions\/644"}],"wp:attachment":[{"href":"https:\/\/limefacility.com\/de\/wp-json\/wp\/v2\/media?parent=39"}],"curies":[{"name":"wp","href":"https:\/\/api.w.org\/{rel}","templated":true}]}}