{"id":37,"date":"2023-05-30T08:57:53","date_gmt":"2023-05-30T08:57:53","guid":{"rendered":"https:\/\/limefacility.com\/?page_id=37"},"modified":"2023-06-02T15:39:53","modified_gmt":"2023-06-02T15:39:53","slug":"blog","status":"publish","type":"page","link":"https:\/\/limefacility.com\/de\/blog\/","title":{"rendered":"Blog"},"content":{"rendered":"<div data-elementor-type=\"wp-page\" data-elementor-id=\"37\" class=\"elementor elementor-37\" data-elementor-post-type=\"page\">\n\t\t\t\t\t\t<section class=\"elementor-section elementor-top-section elementor-element elementor-element-625fd96a elementor-section-height-min-height elementor-section-full_width elementor-section-height-default elementor-section-items-middle\" data-id=\"625fd96a\" data-element_type=\"section\" data-settings=\"{&quot;background_background&quot;:&quot;classic&quot;,&quot;shape_divider_bottom&quot;:&quot;opacity-tilt&quot;}\">\n\t\t\t\t\t<div class=\"elementor-shape elementor-shape-bottom\" aria-hidden=\"true\" data-negative=\"false\">\n\t\t\t<svg xmlns=\"http:\/\/www.w3.org\/2000\/svg\" viewbox=\"0 0 2600 131.1\" preserveaspectratio=\"none\">\n\t<path class=\"elementor-shape-fill\" d=\"M0 0L2600 0 2600 69.1 0 0z\"\/>\n\t<path class=\"elementor-shape-fill\" style=\"opacity:0.5\" d=\"M0 0L2600 0 2600 69.1 0 69.1z\"\/>\n\t<path class=\"elementor-shape-fill\" style=\"opacity:0.25\" d=\"M2600 0L0 0 0 130.1 2600 69.1z\"\/>\n<\/svg>\t\t<\/div>\n\t\t\t\t\t<div class=\"elementor-container elementor-column-gap-default\">\n\t\t\t\t\t<div class=\"elementor-column elementor-col-100 elementor-top-column elementor-element elementor-element-993e6e3\" data-id=\"993e6e3\" data-element_type=\"column\">\n\t\t\t<div class=\"elementor-widget-wrap elementor-element-populated\">\n\t\t\t\t\t\t<div class=\"elementor-element elementor-element-58a0ae85 elementor-widget elementor-widget-heading\" data-id=\"58a0ae85\" data-element_type=\"widget\" data-widget_type=\"heading.default\">\n\t\t\t\t<div class=\"elementor-widget-container\">\n\t\t\t\t\t<h2 class=\"elementor-heading-title elementor-size-default\">Blog<\/h2>\t\t\t\t<\/div>\n\t\t\t\t<\/div>\n\t\t\t\t<div class=\"elementor-element elementor-element-57f22d8e elementor-widget elementor-widget-text-editor\" data-id=\"57f22d8e\" data-element_type=\"widget\" data-widget_type=\"text-editor.default\">\n\t\t\t\t<div class=\"elementor-widget-container\">\n\t\t\t\t\t\t\t\t\t<p>Professionelle Informationen aus aller Welt.<\/p>\t\t\t\t\t\t\t\t<\/div>\n\t\t\t\t<\/div>\n\t\t\t\t<div class=\"elementor-element elementor-element-544292c9 elementor-widget elementor-widget-button\" data-id=\"544292c9\" data-element_type=\"widget\" data-widget_type=\"button.default\">\n\t\t\t\t<div class=\"elementor-widget-container\">\n\t\t\t\t\t\t\t\t\t<div class=\"elementor-button-wrapper\">\n\t\t\t\t\t<a class=\"elementor-button elementor-button-link elementor-size-md\" href=\"#\">\n\t\t\t\t\t\t<span class=\"elementor-button-content-wrapper\">\n\t\t\t\t\t\t\t\t\t<span class=\"elementor-button-text\">Kontakt<\/span>\n\t\t\t\t\t<\/span>\n\t\t\t\t\t<\/a>\n\t\t\t\t<\/div>\n\t\t\t\t\t\t\t\t<\/div>\n\t\t\t\t<\/div>\n\t\t\t\t\t<\/div>\n\t\t<\/div>\n\t\t\t\t\t<\/div>\n\t\t<\/section>\n\t\t\t\t<section class=\"elementor-section elementor-top-section elementor-element elementor-element-595659df elementor-section-boxed elementor-section-height-default elementor-section-height-default\" data-id=\"595659df\" data-element_type=\"section\">\n\t\t\t\t\t\t<div class=\"elementor-container elementor-column-gap-default\">\n\t\t\t\t\t<div class=\"elementor-column elementor-col-100 elementor-top-column elementor-element elementor-element-456d1338\" data-id=\"456d1338\" data-element_type=\"column\">\n\t\t\t<div class=\"elementor-widget-wrap elementor-element-populated\">\n\t\t\t\t\t\t<div class=\"elementor-element elementor-element-3d6d345b elementor-widget elementor-widget-heading\" data-id=\"3d6d345b\" data-element_type=\"widget\" data-widget_type=\"heading.default\">\n\t\t\t\t<div class=\"elementor-widget-container\">\n\t\t\t\t\t<h2 class=\"elementor-heading-title elementor-size-default\">Blog<\/h2>\t\t\t\t<\/div>\n\t\t\t\t<\/div>\n\t\t\t\t<div class=\"elementor-element elementor-element-7b8fbf0 elementor-widget elementor-widget-text-editor\" data-id=\"7b8fbf0\" data-element_type=\"widget\" data-widget_type=\"text-editor.default\">\n\t\t\t\t<div class=\"elementor-widget-container\">\n\t\t\t\t\t\t\t\t\t<p>Wir werden bald mit neuen Neuigkeiten zur\u00fcck sein. Schauen Sie sich in der Zwischenzeit unsere Dienstleistungen an und kontaktieren Sie uns, um Ihrem Unternehmen zu helfen!<\/p>\t\t\t\t\t\t\t\t<\/div>\n\t\t\t\t<\/div>\n\t\t\t\t\t<\/div>\n\t\t<\/div>\n\t\t\t\t\t<\/div>\n\t\t<\/section>\n\t\t\t\t<\/div>","protected":false},"excerpt":{"rendered":"<p>Blog Szakmai \u00e9rdekess\u00e9gek a nagyvil\u00e1gb\u00f3l. Kapcsolat Blog Hamarosan friss cikkekkel jelentkez\u00fcnk, addig is n\u00e9zze meg a szolg\u00e1ltat\u00e1sainkat \u00e9s vegye fel vel\u00fcnk a kapcsolatot, hogy seg\u00edteni tudjunk v\u00e1llalkoz\u00e1s\u00e1nak!<\/p>","protected":false},"author":1,"featured_media":0,"parent":0,"menu_order":0,"comment_status":"closed","ping_status":"closed","template":"elementor_header_footer","meta":{"footnotes":""},"class_list":["post-37","page","type-page","status-publish"],"yoast_head":"<!-- This site is optimized with the Yoast SEO plugin v26.7 - https:\/\/yoast.com\/wordpress\/plugins\/seo\/ -->\n<title>Blog - Lime Source Facility Services<\/title>\n<meta name=\"robots\" content=\"index, follow, max-snippet:-1, max-image-preview:large, max-video-preview:-1\" \/>\n<link rel=\"canonical\" href=\"https:\/\/limefacility.com\/de\/blog\/\" \/>\n<meta property=\"og:locale\" content=\"de_DE\" \/>\n<meta property=\"og:type\" content=\"article\" \/>\n<meta property=\"og:title\" content=\"Blog - Lime Source Facility Services\" \/>\n<meta property=\"og:description\" content=\"Blog Szakmai \u00e9rdekess\u00e9gek a nagyvil\u00e1gb\u00f3l. Kapcsolat Blog Hamarosan friss cikkekkel jelentkez\u00fcnk, addig is n\u00e9zze meg a szolg\u00e1ltat\u00e1sainkat \u00e9s vegye fel vel\u00fcnk a kapcsolatot, hogy seg\u00edteni tudjunk v\u00e1llalkoz\u00e1s\u00e1nak!\" \/>\n<meta property=\"og:url\" content=\"https:\/\/limefacility.com\/de\/blog\/\" \/>\n<meta property=\"og:site_name\" content=\"Lime Source Facility Services\" \/>\n<meta property=\"article:modified_time\" content=\"2023-06-02T15:39:53+00:00\" \/>\n<meta name=\"twitter:card\" content=\"summary_large_image\" \/>\n<meta name=\"twitter:label1\" content=\"Gesch\u00e4tzte Lesezeit\" \/>\n\t<meta name=\"twitter:data1\" content=\"1\u00a0Minute\" \/>\n<script type=\"application\/ld+json\" class=\"yoast-schema-graph\">{\"@context\":\"https:\/\/schema.org\",\"@graph\":[{\"@type\":\"WebPage\",\"@id\":\"https:\/\/limefacility.com\/blog\/\",\"url\":\"https:\/\/limefacility.com\/blog\/\",\"name\":\"Blog - Lime Source Facility Services\",\"isPartOf\":{\"@id\":\"https:\/\/limefacility.com\/#website\"},\"datePublished\":\"2023-05-30T08:57:53+00:00\",\"dateModified\":\"2023-06-02T15:39:53+00:00\",\"breadcrumb\":{\"@id\":\"https:\/\/limefacility.com\/blog\/#breadcrumb\"},\"inLanguage\":\"de\",\"potentialAction\":[{\"@type\":\"ReadAction\",\"target\":[\"https:\/\/limefacility.com\/blog\/\"]}]},{\"@type\":\"BreadcrumbList\",\"@id\":\"https:\/\/limefacility.com\/blog\/#breadcrumb\",\"itemListElement\":[{\"@type\":\"ListItem\",\"position\":1,\"name\":\"Kezd\u0151lap\",\"item\":\"https:\/\/limefacility.com\/\"},{\"@type\":\"ListItem\",\"position\":2,\"name\":\"Blog\"}]},{\"@type\":\"WebSite\",\"@id\":\"https:\/\/limefacility.com\/#website\",\"url\":\"https:\/\/limefacility.com\/\",\"name\":\"Lime Source Facility Services\",\"description\":\"\",\"potentialAction\":[{\"@type\":\"SearchAction\",\"target\":{\"@type\":\"EntryPoint\",\"urlTemplate\":\"https:\/\/limefacility.com\/?s={search_term_string}\"},\"query-input\":{\"@type\":\"PropertyValueSpecification\",\"valueRequired\":true,\"valueName\":\"search_term_string\"}}],\"inLanguage\":\"de\"}]}<\/script>\n<!-- \/ Yoast SEO plugin. -->","yoast_head_json":{"title":"Blog - Lime Source Facility Services","robots":{"index":"index","follow":"follow","max-snippet":"max-snippet:-1","max-image-preview":"max-image-preview:large","max-video-preview":"max-video-preview:-1"},"canonical":"https:\/\/limefacility.com\/de\/blog\/","og_locale":"de_DE","og_type":"article","og_title":"Blog - Lime Source Facility Services","og_description":"Blog Szakmai \u00e9rdekess\u00e9gek a nagyvil\u00e1gb\u00f3l. Kapcsolat Blog Hamarosan friss cikkekkel jelentkez\u00fcnk, addig is n\u00e9zze meg a szolg\u00e1ltat\u00e1sainkat \u00e9s vegye fel vel\u00fcnk a kapcsolatot, hogy seg\u00edteni tudjunk v\u00e1llalkoz\u00e1s\u00e1nak!","og_url":"https:\/\/limefacility.com\/de\/blog\/","og_site_name":"Lime Source Facility Services","article_modified_time":"2023-06-02T15:39:53+00:00","twitter_card":"summary_large_image","twitter_misc":{"Gesch\u00e4tzte Lesezeit":"1\u00a0Minute"},"schema":{"@context":"https:\/\/schema.org","@graph":[{"@type":"WebPage","@id":"https:\/\/limefacility.com\/blog\/","url":"https:\/\/limefacility.com\/blog\/","name":"Blog - Lime Source Facility Services","isPartOf":{"@id":"https:\/\/limefacility.com\/#website"},"datePublished":"2023-05-30T08:57:53+00:00","dateModified":"2023-06-02T15:39:53+00:00","breadcrumb":{"@id":"https:\/\/limefacility.com\/blog\/#breadcrumb"},"inLanguage":"de","potentialAction":[{"@type":"ReadAction","target":["https:\/\/limefacility.com\/blog\/"]}]},{"@type":"BreadcrumbList","@id":"https:\/\/limefacility.com\/blog\/#breadcrumb","itemListElement":[{"@type":"ListItem","position":1,"name":"Kezd\u0151lap","item":"https:\/\/limefacility.com\/"},{"@type":"ListItem","position":2,"name":"Blog"}]},{"@type":"WebSite","@id":"https:\/\/limefacility.com\/#website","url":"https:\/\/limefacility.com\/","name":"Lime Source Facility Services","description":"","potentialAction":[{"@type":"SearchAction","target":{"@type":"EntryPoint","urlTemplate":"https:\/\/limefacility.com\/?s={search_term_string}"},"query-input":{"@type":"PropertyValueSpecification","valueRequired":true,"valueName":"search_term_string"}}],"inLanguage":"de"}]}},"_links":{"self":[{"href":"https:\/\/limefacility.com\/de\/wp-json\/wp\/v2\/pages\/37","targetHints":{"allow":["GET"]}}],"collection":[{"href":"https:\/\/limefacility.com\/de\/wp-json\/wp\/v2\/pages"}],"about":[{"href":"https:\/\/limefacility.com\/de\/wp-json\/wp\/v2\/types\/page"}],"author":[{"embeddable":true,"href":"https:\/\/limefacility.com\/de\/wp-json\/wp\/v2\/users\/1"}],"replies":[{"embeddable":true,"href":"https:\/\/limefacility.com\/de\/wp-json\/wp\/v2\/comments?post=37"}],"version-history":[{"count":10,"href":"https:\/\/limefacility.com\/de\/wp-json\/wp\/v2\/pages\/37\/revisions"}],"predecessor-version":[{"id":478,"href":"https:\/\/limefacility.com\/de\/wp-json\/wp\/v2\/pages\/37\/revisions\/478"}],"wp:attachment":[{"href":"https:\/\/limefacility.com\/de\/wp-json\/wp\/v2\/media?parent=37"}],"curies":[{"name":"wp","href":"https:\/\/api.w.org\/{rel}","templated":true}]}}